{"id":2389,"date":"2018-05-10T15:30:21","date_gmt":"2018-05-10T13:30:21","guid":{"rendered":"https:\/\/pension-norika.at\/winter\/"},"modified":"2025-07-02T12:52:16","modified_gmt":"2025-07-02T10:52:16","slug":"winter","status":"publish","type":"page","link":"https:\/\/www.pension-norika.at\/en\/winter\/","title":{"rendered":"Winter"},"content":{"rendered":"<div class=\"fusion-fullwidth fullwidth-box fusion-builder-row-1 fusion-flex-container nonhundred-percent-fullwidth non-hundred-percent-height-scrolling\" style=\"--awb-border-radius-top-left:0px;--awb-border-radius-top-right:0px;--awb-border-radius-bottom-right:0px;--awb-border-radius-bottom-left:0px;--awb-flex-wrap:wrap;\" ><div class=\"fusion-builder-row fusion-row fusion-flex-align-items-flex-start fusion-flex-content-wrap\" style=\"max-width:1216.8px;margin-left: calc(-4% \/ 2 );margin-right: calc(-4% \/ 2 );\"><div class=\"fusion-layout-column fusion_builder_column fusion-builder-column-0 fusion_builder_column_2_3 2_3 fusion-flex-column\" style=\"--awb-bg-size:cover;--awb-width-large:66.666666666667%;--awb-margin-top-large:0px;--awb-spacing-right-large:3.84%;--awb-margin-bottom-large:0px;--awb-spacing-left-large:2.88%;--awb-width-medium:66.666666666667%;--awb-spacing-right-medium:3.84%;--awb-spacing-left-medium:2.88%;--awb-width-small:100%;--awb-spacing-right-small:1.92%;--awb-spacing-left-small:1.92%;\"><div class=\"fusion-column-wrapper fusion-flex-justify-content-flex-start fusion-content-layout-column\"><div class=\"fusion-text fusion-text-1\"><h1>Winter<\/h1>\n<p>Willkommen in der Pension Norika, mitten in Saalbach! Nach einer gem\u00fctlichen Nacht in einem unserer Doppel-, Dreibett- oder Familienzimmer erwartet dich ein leckeres Fr\u00fchst\u00fccksbuffet. Dann geht&#8217;s, frisch gest\u00e4rkt in den Skicircus Saalbach-Hinterglemm-Leogang, mit den Liften direkt um die Ecke.<\/p>\n<p>Oder lieber erstmal einen Skikurs machen? Kein Problem, die Skischule und die \u00dcbungswiese sind gleich in der N\u00e4he.<\/p>\n<p>Nach einem actionreichen Tag auf der Piste und beim Apr\u00e8s-Ski kannst du fast bis vor die Haust\u00fcr fahren. Lust auf Saalbachs Nightlife? Restaurants, Bars und Diskotheken sind nur ein paar Schritte die Dorfstra\u00dfe entlang.<\/p>\n<p>Zum Entspannen haben wir unsere 6-Personen Sauna (t\u00e4glich von 16:30 bis 19:30 Uhr, von Sonntag bis Donnerstag ge\u00f6ffnet). Und nat\u00fcrlich gibt&#8217;s auch einen beheizten Skischuhraum und Skiraum f\u00fcr dich.<\/p>\n<h4>Unsere Leistungen:<\/h4>\n<\/p>\n<ul>\n<li>Alle Zimmer mit Dusche\/WC,<br \/>\nFlat &#8211; TV, Zimmersafe, Haartrockner<br \/>\nund Balkon<\/li>\n<li>Kostenloses W-Lan<\/li>\n<li>Nichtraucherzimmer<\/li>\n<li>auf Wunsch getrennte Betten<\/li>\n<li>gratis Parkplatz<\/li>\n<li>Sauna inklusive<\/li>\n<\/ul>\n<p>In unserem Haus befinden sich auch <a href=\"https:\/\/pension-norika.at\/appartements\/\">5 Appartements<\/a> f\u00fcr 2 bis 4 Personen.<\/p>\n<\/div><div class=\"fusion-builder-row fusion-builder-row-inner fusion-row fusion-flex-align-items-flex-start fusion-flex-content-wrap\" style=\"width:104% !important;max-width:104% !important;margin-left: calc(-4% \/ 2 );margin-right: calc(-4% \/ 2 );\"><div class=\"fusion-layout-column fusion_builder_column_inner fusion-builder-nested-column-0 fusion_builder_column_inner_1_3 1_3 fusion-flex-column fusion-column-inner-bg-wrapper\" style=\"--awb-inner-bg-size:cover;--awb-width-large:33.333333333333%;--awb-margin-top-large:0px;--awb-spacing-right-large:5.76%;--awb-margin-bottom-large:20px;--awb-spacing-left-large:5.76%;--awb-width-medium:33.333333333333%;--awb-spacing-right-medium:5.76%;--awb-spacing-left-medium:5.76%;--awb-width-small:100%;--awb-spacing-right-small:1.92%;--awb-spacing-left-small:1.92%;\"><span class=\"fusion-column-inner-bg hover-type-none\"><a class=\"fusion-column-anchor\" href=\"https:\/\/pension-norika.at\/doppelzimmer\/\"><span class=\"fusion-column-inner-bg-image\"><\/span><\/a><\/span><div class=\"fusion-column-wrapper fusion-flex-justify-content-flex-start fusion-content-layout-column\"><div class=\"fusion-counters-box counters-box row fusion-clearfix fusion-columns-1\" style=\"--awb-title-size:50;--awb-icon-size:50;\"><div class=\"fusion-counter-box fusion-column col-counter-box counter-box-wrapper col-lg-12 col-md-12 col-sm-12\" data-animationOffset=\"top-into-view\"><div class=\"counter-box-container\"><div class=\"content-box-percentage content-box-counter\"><i class=\"counter-box-icon fontawesome-icon fa-bed fas\" aria-hidden=\"true\"><\/i><span class=\"display-counter\" data-value=\"8\" data-direction=\"up\" data-decimals=\"0\">0<\/span><\/div><div class=\"counter-box-content\">Doppelzimmer<\/div><\/div><\/div><\/div>\n<\/div><\/div><div class=\"fusion-layout-column fusion_builder_column_inner fusion-builder-nested-column-1 fusion_builder_column_inner_1_3 1_3 fusion-flex-column fusion-column-inner-bg-wrapper\" style=\"--awb-inner-bg-size:cover;--awb-width-large:33.333333333333%;--awb-margin-top-large:0px;--awb-spacing-right-large:5.76%;--awb-margin-bottom-large:20px;--awb-spacing-left-large:5.76%;--awb-width-medium:33.333333333333%;--awb-spacing-right-medium:5.76%;--awb-spacing-left-medium:5.76%;--awb-width-small:100%;--awb-spacing-right-small:1.92%;--awb-spacing-left-small:1.92%;\"><span class=\"fusion-column-inner-bg hover-type-none\"><a class=\"fusion-column-anchor\" href=\"https:\/\/pension-norika.at\/zimmer-und-appartements\/dreibettzimmer\/\"><span class=\"fusion-column-inner-bg-image\"><\/span><\/a><\/span><div class=\"fusion-column-wrapper fusion-flex-justify-content-flex-start fusion-content-layout-column\"><div class=\"fusion-counters-box counters-box row fusion-clearfix fusion-columns-1\" style=\"--awb-title-size:50;--awb-icon-size:51;\"><div class=\"fusion-counter-box fusion-column col-counter-box counter-box-wrapper col-lg-12 col-md-12 col-sm-12\" data-animationOffset=\"top-into-view\"><div class=\"counter-box-container\"><div class=\"content-box-percentage content-box-counter\"><i class=\"counter-box-icon fontawesome-icon fa-bed fas\" aria-hidden=\"true\"><\/i><span class=\"display-counter\" data-value=\"2\" data-direction=\"up\" data-decimals=\"0\">0<\/span><\/div><div class=\"counter-box-content\">Familienzimmer<\/div><\/div><\/div><\/div>\n<\/div><\/div><div class=\"fusion-layout-column fusion_builder_column_inner fusion-builder-nested-column-2 fusion_builder_column_inner_1_3 1_3 fusion-flex-column fusion-column-inner-bg-wrapper\" style=\"--awb-inner-bg-size:cover;--awb-width-large:33.333333333333%;--awb-margin-top-large:0px;--awb-spacing-right-large:5.76%;--awb-margin-bottom-large:20px;--awb-spacing-left-large:5.76%;--awb-width-medium:33.333333333333%;--awb-spacing-right-medium:5.76%;--awb-spacing-left-medium:5.76%;--awb-width-small:100%;--awb-spacing-right-small:1.92%;--awb-spacing-left-small:1.92%;\"><span class=\"fusion-column-inner-bg hover-type-none\"><a class=\"fusion-column-anchor\" href=\"https:\/\/pension-norika.at\/appartements\/\"><span class=\"fusion-column-inner-bg-image\"><\/span><\/a><\/span><div class=\"fusion-column-wrapper fusion-flex-justify-content-flex-start fusion-content-layout-column\"><div class=\"fusion-counters-box counters-box row fusion-clearfix fusion-columns-1\" style=\"--awb-title-size:50;--awb-icon-size:50;\"><div class=\"fusion-counter-box fusion-column col-counter-box counter-box-wrapper col-lg-12 col-md-12 col-sm-12\" data-animationOffset=\"top-into-view\"><div class=\"counter-box-container\"><div class=\"content-box-percentage content-box-counter\"><i class=\"counter-box-icon fontawesome-icon fa-bed fas\" aria-hidden=\"true\"><\/i><span class=\"display-counter\" data-value=\"5\" data-direction=\"up\" data-decimals=\"0\">0<\/span><\/div><div class=\"counter-box-content\">Appartements<\/div><\/div><\/div><\/div>\n<\/div><\/div><\/div>\n<\/div><\/div><div class=\"fusion-layout-column fusion_builder_column fusion-builder-column-1 fusion_builder_column_1_3 1_3 fusion-flex-column\" style=\"--awb-bg-image:url(&#039;https:\/\/pension-norika.at\/wp-content\/uploads\/2018\/05\/GigTief_5kl-150x150.gif&#039;);--awb-bg-size:cover;--awb-width-large:33.333333333333%;--awb-margin-top-large:0px;--awb-spacing-right-large:5.76%;--awb-margin-bottom-large:20px;--awb-spacing-left-large:3.84%;--awb-width-medium:33.333333333333%;--awb-spacing-right-medium:5.76%;--awb-spacing-left-medium:3.84%;--awb-width-small:100%;--awb-spacing-right-small:1.92%;--awb-spacing-left-small:1.92%;\"><div class=\"fusion-column-wrapper fusion-flex-justify-content-flex-start fusion-content-layout-column fusion-column-has-bg-image\" data-bg-url=\"https:\/\/pension-norika.at\/wp-content\/uploads\/2018\/05\/GigTief_5kl-150x150.gif\"><div class=\"awb-gallery-wrapper awb-gallery-wrapper-1 button-span-no\"><div style=\"margin:0px;--awb-bordersize:0px;\" class=\"fusion-gallery fusion-gallery-container fusion-grid-1 fusion-columns-total-4 fusion-gallery-layout-grid fusion-gallery-1\"><div style=\"padding:0px;\" class=\"fusion-grid-column fusion-gallery-column fusion-gallery-column-1\"><div class=\"fusion-gallery-image fusion-gallery-image-liftup\"><a href=\"https:\/\/www.pension-norika.at\/wp-content\/uploads\/2018\/05\/winter-bernkogel.jpg\" rel=\"noreferrer\" data-rel=\"iLightbox[gallery_image_1]\" class=\"fusion-lightbox\" target=\"_self\"><img decoding=\"async\" src=\"https:\/\/www.pension-norika.at\/wp-content\/uploads\/2018\/05\/winter-bernkogel.jpg\" width=\"960\" height=\"720\" alt=\"\" title=\"winter bernkogel\" aria-label=\"winter bernkogel\" class=\"img-responsive wp-image-2207\" srcset=\"https:\/\/www.pension-norika.at\/wp-content\/uploads\/2018\/05\/winter-bernkogel-200x150.jpg 200w, https:\/\/www.pension-norika.at\/wp-content\/uploads\/2018\/05\/winter-bernkogel-400x300.jpg 400w, https:\/\/www.pension-norika.at\/wp-content\/uploads\/2018\/05\/winter-bernkogel-600x450.jpg 600w, https:\/\/www.pension-norika.at\/wp-content\/uploads\/2018\/05\/winter-bernkogel-800x600.jpg 800w, https:\/\/www.pension-norika.at\/wp-content\/uploads\/2018\/05\/winter-bernkogel.jpg 960w\" sizes=\"(min-width: 2200px) 100vw, (min-width: 945px) 1170px, \" \/><\/a><\/div><\/div><div class=\"clearfix\"><\/div><div style=\"padding:0px;\" class=\"fusion-grid-column fusion-gallery-column fusion-gallery-column-1\"><div class=\"fusion-gallery-image fusion-gallery-image-liftup\"><a href=\"https:\/\/www.pension-norika.at\/wp-content\/uploads\/2020\/09\/20190131_104224206_iOS.jpg\" rel=\"noreferrer\" data-rel=\"iLightbox[gallery_image_1]\" class=\"fusion-lightbox\" target=\"_self\"><img decoding=\"async\" src=\"https:\/\/www.pension-norika.at\/wp-content\/uploads\/2020\/09\/20190131_104224206_iOS.jpg\" width=\"1920\" height=\"1281\" alt=\"\" title=\"20190131_104224206_iOS\" aria-label=\"20190131_104224206_iOS\" class=\"img-responsive wp-image-3741\" srcset=\"https:\/\/www.pension-norika.at\/wp-content\/uploads\/2020\/09\/20190131_104224206_iOS-200x133.jpg 200w, https:\/\/www.pension-norika.at\/wp-content\/uploads\/2020\/09\/20190131_104224206_iOS-400x267.jpg 400w, https:\/\/www.pension-norika.at\/wp-content\/uploads\/2020\/09\/20190131_104224206_iOS-600x400.jpg 600w, https:\/\/www.pension-norika.at\/wp-content\/uploads\/2020\/09\/20190131_104224206_iOS-800x534.jpg 800w, https:\/\/www.pension-norika.at\/wp-content\/uploads\/2020\/09\/20190131_104224206_iOS-1200x801.jpg 1200w, https:\/\/www.pension-norika.at\/wp-content\/uploads\/2020\/09\/20190131_104224206_iOS.jpg 1920w\" sizes=\"(min-width: 2200px) 100vw, (min-width: 945px) 1170px, \" \/><\/a><\/div><\/div><div class=\"clearfix\"><\/div><div style=\"padding:0px;\" class=\"fusion-grid-column fusion-gallery-column fusion-gallery-column-1\"><div class=\"fusion-gallery-image fusion-gallery-image-liftup\"><a href=\"https:\/\/www.pension-norika.at\/wp-content\/uploads\/2020\/09\/20190110_174904910_iOS.jpg\" rel=\"noreferrer\" data-rel=\"iLightbox[gallery_image_1]\" class=\"fusion-lightbox\" target=\"_self\"><img decoding=\"async\" src=\"https:\/\/www.pension-norika.at\/wp-content\/uploads\/2020\/09\/20190110_174904910_iOS.jpg\" width=\"1024\" height=\"1001\" alt=\"\" title=\"20190110_174904910_iOS\" aria-label=\"20190110_174904910_iOS\" class=\"img-responsive wp-image-3735\" srcset=\"https:\/\/www.pension-norika.at\/wp-content\/uploads\/2020\/09\/20190110_174904910_iOS-200x196.jpg 200w, https:\/\/www.pension-norika.at\/wp-content\/uploads\/2020\/09\/20190110_174904910_iOS-400x391.jpg 400w, https:\/\/www.pension-norika.at\/wp-content\/uploads\/2020\/09\/20190110_174904910_iOS-600x587.jpg 600w, https:\/\/www.pension-norika.at\/wp-content\/uploads\/2020\/09\/20190110_174904910_iOS-800x782.jpg 800w, https:\/\/www.pension-norika.at\/wp-content\/uploads\/2020\/09\/20190110_174904910_iOS.jpg 1024w\" sizes=\"(min-width: 2200px) 100vw, (min-width: 945px) 1170px, \" \/><\/a><\/div><\/div><div class=\"clearfix\"><\/div><div style=\"padding:0px;\" class=\"fusion-grid-column fusion-gallery-column fusion-gallery-column-1\"><div class=\"fusion-gallery-image fusion-gallery-image-liftup\"><a href=\"https:\/\/www.pension-norika.at\/wp-content\/uploads\/2018\/05\/slider_norika_winter.jpg\" rel=\"noreferrer\" data-rel=\"iLightbox[gallery_image_1]\" class=\"fusion-lightbox\" target=\"_self\"><img decoding=\"async\" src=\"https:\/\/www.pension-norika.at\/wp-content\/uploads\/2018\/05\/slider_norika_winter.jpg\" width=\"1920\" height=\"1280\" alt=\"\" title=\"norika winter\" aria-label=\"norika winter\" class=\"img-responsive wp-image-2444\" srcset=\"https:\/\/www.pension-norika.at\/wp-content\/uploads\/2018\/05\/slider_norika_winter-200x133.jpg 200w, https:\/\/www.pension-norika.at\/wp-content\/uploads\/2018\/05\/slider_norika_winter-400x267.jpg 400w, https:\/\/www.pension-norika.at\/wp-content\/uploads\/2018\/05\/slider_norika_winter-600x400.jpg 600w, https:\/\/www.pension-norika.at\/wp-content\/uploads\/2018\/05\/slider_norika_winter-800x533.jpg 800w, https:\/\/www.pension-norika.at\/wp-content\/uploads\/2018\/05\/slider_norika_winter-1200x800.jpg 1200w, https:\/\/www.pension-norika.at\/wp-content\/uploads\/2018\/05\/slider_norika_winter.jpg 1920w\" sizes=\"(min-width: 2200px) 100vw, (min-width: 945px) 1170px, \" \/><\/a><\/div><\/div><div class=\"clearfix\"><\/div><\/div><\/div><\/div><\/div><\/div><\/div>\n","protected":false},"excerpt":{"rendered":"","protected":false},"author":1,"featured_media":0,"parent":0,"menu_order":0,"comment_status":"closed","ping_status":"closed","template":"100-width.php","meta":{"footnotes":""},"class_list":["post-2389","page","type-page","status-publish","hentry"],"yoast_head":"<!-- This site is optimized with the Yoast SEO plugin v27.3 - https:\/\/yoast.com\/product\/yoast-seo-wordpress\/ -->\n<title>Winter - Pension Norika<\/title>\n<meta name=\"robots\" content=\"index, follow, max-snippet:-1, max-image-preview:large, max-video-preview:-1\" \/>\n<link rel=\"canonical\" href=\"https:\/\/www.pension-norika.at\/en\/winter\/\" \/>\n<meta property=\"og:locale\" content=\"en_US\" \/>\n<meta property=\"og:type\" content=\"article\" \/>\n<meta property=\"og:title\" content=\"Winter - Pension Norika\" \/>\n<meta property=\"og:url\" content=\"https:\/\/www.pension-norika.at\/en\/winter\/\" \/>\n<meta property=\"og:site_name\" content=\"Pension Norika\" \/>\n<meta property=\"article:modified_time\" content=\"2025-07-02T10:52:16+00:00\" \/>\n<meta name=\"twitter:card\" content=\"summary_large_image\" \/>\n<meta name=\"twitter:label1\" content=\"Est. reading time\" \/>\n\t<meta name=\"twitter:data1\" content=\"3 minutes\" \/>\n<script type=\"application\/ld+json\" class=\"yoast-schema-graph\">{\"@context\":\"https:\\\/\\\/schema.org\",\"@graph\":[{\"@type\":\"WebPage\",\"@id\":\"https:\\\/\\\/www.pension-norika.at\\\/en\\\/winter\\\/\",\"url\":\"https:\\\/\\\/www.pension-norika.at\\\/en\\\/winter\\\/\",\"name\":\"Winter - Pension Norika\",\"isPartOf\":{\"@id\":\"https:\\\/\\\/www.pension-norika.at\\\/en\\\/#website\"},\"datePublished\":\"2018-05-10T13:30:21+00:00\",\"dateModified\":\"2025-07-02T10:52:16+00:00\",\"breadcrumb\":{\"@id\":\"https:\\\/\\\/www.pension-norika.at\\\/en\\\/winter\\\/#breadcrumb\"},\"inLanguage\":\"en-US\",\"potentialAction\":[{\"@type\":\"ReadAction\",\"target\":[\"https:\\\/\\\/www.pension-norika.at\\\/en\\\/winter\\\/\"]}]},{\"@type\":\"BreadcrumbList\",\"@id\":\"https:\\\/\\\/www.pension-norika.at\\\/en\\\/winter\\\/#breadcrumb\",\"itemListElement\":[{\"@type\":\"ListItem\",\"position\":1,\"name\":\"Home\",\"item\":\"https:\\\/\\\/www.pension-norika.at\\\/en\\\/\"},{\"@type\":\"ListItem\",\"position\":2,\"name\":\"Winter\"}]},{\"@type\":\"WebSite\",\"@id\":\"https:\\\/\\\/www.pension-norika.at\\\/en\\\/#website\",\"url\":\"https:\\\/\\\/www.pension-norika.at\\\/en\\\/\",\"name\":\"Pension Norika\",\"description\":\"Saalbach Pension Norika ist eine Fr\u00fchst\u00fcckspension im Zentrum von Saalbach. Der ideale Ausgangspunkt zum Schifahren, Biken oder Wandern.\",\"potentialAction\":[{\"@type\":\"SearchAction\",\"target\":{\"@type\":\"EntryPoint\",\"urlTemplate\":\"https:\\\/\\\/www.pension-norika.at\\\/en\\\/?s={search_term_string}\"},\"query-input\":{\"@type\":\"PropertyValueSpecification\",\"valueRequired\":true,\"valueName\":\"search_term_string\"}}],\"inLanguage\":\"en-US\"}]}<\/script>\n<!-- \/ Yoast SEO plugin. -->","yoast_head_json":{"title":"Winter - Pension Norika","robots":{"index":"index","follow":"follow","max-snippet":"max-snippet:-1","max-image-preview":"max-image-preview:large","max-video-preview":"max-video-preview:-1"},"canonical":"https:\/\/www.pension-norika.at\/en\/winter\/","og_locale":"en_US","og_type":"article","og_title":"Winter - Pension Norika","og_url":"https:\/\/www.pension-norika.at\/en\/winter\/","og_site_name":"Pension Norika","article_modified_time":"2025-07-02T10:52:16+00:00","twitter_card":"summary_large_image","twitter_misc":{"Est. reading time":"3 minutes"},"schema":{"@context":"https:\/\/schema.org","@graph":[{"@type":"WebPage","@id":"https:\/\/www.pension-norika.at\/en\/winter\/","url":"https:\/\/www.pension-norika.at\/en\/winter\/","name":"Winter - Pension Norika","isPartOf":{"@id":"https:\/\/www.pension-norika.at\/en\/#website"},"datePublished":"2018-05-10T13:30:21+00:00","dateModified":"2025-07-02T10:52:16+00:00","breadcrumb":{"@id":"https:\/\/www.pension-norika.at\/en\/winter\/#breadcrumb"},"inLanguage":"en-US","potentialAction":[{"@type":"ReadAction","target":["https:\/\/www.pension-norika.at\/en\/winter\/"]}]},{"@type":"BreadcrumbList","@id":"https:\/\/www.pension-norika.at\/en\/winter\/#breadcrumb","itemListElement":[{"@type":"ListItem","position":1,"name":"Home","item":"https:\/\/www.pension-norika.at\/en\/"},{"@type":"ListItem","position":2,"name":"Winter"}]},{"@type":"WebSite","@id":"https:\/\/www.pension-norika.at\/en\/#website","url":"https:\/\/www.pension-norika.at\/en\/","name":"Pension Norika","description":"Saalbach Pension Norika ist eine Fr\u00fchst\u00fcckspension im Zentrum von Saalbach. Der ideale Ausgangspunkt zum Schifahren, Biken oder Wandern.","potentialAction":[{"@type":"SearchAction","target":{"@type":"EntryPoint","urlTemplate":"https:\/\/www.pension-norika.at\/en\/?s={search_term_string}"},"query-input":{"@type":"PropertyValueSpecification","valueRequired":true,"valueName":"search_term_string"}}],"inLanguage":"en-US"}]}},"_links":{"self":[{"href":"https:\/\/www.pension-norika.at\/en\/wp-json\/wp\/v2\/pages\/2389","targetHints":{"allow":["GET"]}}],"collection":[{"href":"https:\/\/www.pension-norika.at\/en\/wp-json\/wp\/v2\/pages"}],"about":[{"href":"https:\/\/www.pension-norika.at\/en\/wp-json\/wp\/v2\/types\/page"}],"author":[{"embeddable":true,"href":"https:\/\/www.pension-norika.at\/en\/wp-json\/wp\/v2\/users\/1"}],"replies":[{"embeddable":true,"href":"https:\/\/www.pension-norika.at\/en\/wp-json\/wp\/v2\/comments?post=2389"}],"version-history":[{"count":5,"href":"https:\/\/www.pension-norika.at\/en\/wp-json\/wp\/v2\/pages\/2389\/revisions"}],"predecessor-version":[{"id":4606,"href":"https:\/\/www.pension-norika.at\/en\/wp-json\/wp\/v2\/pages\/2389\/revisions\/4606"}],"wp:attachment":[{"href":"https:\/\/www.pension-norika.at\/en\/wp-json\/wp\/v2\/media?parent=2389"}],"curies":[{"name":"wp","href":"https:\/\/api.w.org\/{rel}","templated":true}]}}